{"id":6647,"date":"2021-03-16T11:54:27","date_gmt":"2021-03-16T10:54:27","guid":{"rendered":"https:\/\/burdin.elegant-lumiere.51-178-34-92.plesk.page\/?page_id=6647"},"modified":"2024-03-25T11:26:24","modified_gmt":"2024-03-25T10:26:24","slug":"maison-burdin","status":"publish","type":"page","link":"https:\/\/lesparfumsburdin.com\/es\/maison-burdin\/","title":{"rendered":"MAISON BURDIN"},"content":{"rendered":"\t\t<div data-elementor-type=\"wp-page\" data-elementor-id=\"6647\" class=\"elementor elementor-6647\">\n\t\t\t\t\t\t<section class=\"elementor-section elementor-top-section elementor-element elementor-element-b462ad8 elementor-section-full_width elementor-section-stretched elementor-section-height-default elementor-section-height-default\" data-id=\"b462ad8\" data-element_type=\"section\" data-e-type=\"section\" data-settings=\"{&quot;stretch_section&quot;:&quot;section-stretched&quot;}\">\n\t\t\t\t\t\t<div class=\"elementor-container elementor-column-gap-default\">\n\t\t\t\t\t<div class=\"elementor-column elementor-col-100 elementor-top-column elementor-element elementor-element-022f0a1\" data-id=\"022f0a1\" data-element_type=\"column\" data-e-type=\"column\">\n\t\t\t<div class=\"elementor-widget-wrap elementor-element-populated\">\n\t\t\t\t\t\t<section class=\"elementor-section elementor-inner-section elementor-element elementor-element-573d597 elementor-section-boxed elementor-section-height-default elementor-section-height-default\" data-id=\"573d597\" data-element_type=\"section\" data-e-type=\"section\">\n\t\t\t\t\t\t<div class=\"elementor-container elementor-column-gap-default\">\n\t\t\t\t\t<div class=\"elementor-column elementor-col-50 elementor-inner-column elementor-element elementor-element-ead562a\" data-id=\"ead562a\" data-element_type=\"column\" data-e-type=\"column\">\n\t\t\t<div class=\"elementor-widget-wrap elementor-element-populated\">\n\t\t\t\t\t\t<div class=\"elementor-element elementor-element-fc648c8 elementor-widget elementor-widget-heading\" data-id=\"fc648c8\" data-element_type=\"widget\" data-e-type=\"widget\" data-widget_type=\"heading.default\">\n\t\t\t\t<div class=\"elementor-widget-container\">\n\t\t\t\t\t<h2 class=\"elementor-heading-title elementor-size-default\">PERFUMISTAS APASIONADOS<\/h2>\t\t\t\t<\/div>\n\t\t\t\t<\/div>\n\t\t\t\t<div class=\"elementor-element elementor-element-2066c46 elementor-widget-divider--view-line elementor-widget elementor-widget-divider\" data-id=\"2066c46\" data-element_type=\"widget\" data-e-type=\"widget\" data-widget_type=\"divider.default\">\n\t\t\t\t<div class=\"elementor-widget-container\">\n\t\t\t\t\t\t\t<div class=\"elementor-divider\">\n\t\t\t<span class=\"elementor-divider-separator\">\n\t\t\t\t\t\t<\/span>\n\t\t<\/div>\n\t\t\t\t\t\t<\/div>\n\t\t\t\t<\/div>\n\t\t\t\t<div class=\"elementor-element elementor-element-469d0f3 mbvn1 elementor-widget elementor-widget-text-editor\" data-id=\"469d0f3\" data-element_type=\"widget\" data-e-type=\"widget\" data-widget_type=\"text-editor.default\">\n\t\t\t\t<div class=\"elementor-widget-container\">\n\t\t\t\t\t\t\t\t\t<p>En 1937, St\u00e9phane Burdin inaugura en Par\u00eds una de las primeras perfumer\u00edas selectivas, donde se venden los perfumes que \u00e9l crea. La singularidad de estas fragancias exclusivas, que expresan la quintaesencia de la elegancia parisina, s\u00f3lo es comparable con la rareza de sus ingredientes y el refinamiento de sus combinaciones. Para ponerlos en frascos, recurri\u00f3 a Lalique y a las cristaler\u00edas de Nancy. El \u00e9xito es inmediato. As\u00ed es como nace La Maison Burdin.<\/p>\t\t\t\t\t\t\t\t<\/div>\n\t\t\t\t<\/div>\n\t\t\t\t\t<\/div>\n\t\t<\/div>\n\t\t\t\t<div class=\"elementor-column elementor-col-50 elementor-inner-column elementor-element elementor-element-69e15c1\" data-id=\"69e15c1\" data-element_type=\"column\" data-e-type=\"column\">\n\t\t\t<div class=\"elementor-widget-wrap elementor-element-populated\">\n\t\t\t\t\t\t<div class=\"elementor-element elementor-element-bf28412 elementor-widget elementor-widget-image\" data-id=\"bf28412\" data-element_type=\"widget\" data-e-type=\"widget\" data-widget_type=\"image.default\">\n\t\t\t\t<div class=\"elementor-widget-container\">\n\t\t\t\t\t\t\t\t\t\t\t\t\t\t\t<img decoding=\"async\" src=\"https:\/\/lesparfumsburdin.com\/es\/wp-content\/uploads\/elementor\/thumbs\/passion-burdin-qlq6n3w3exl0mvpfuq00gw913flswjtvhrgevnlp1w.webp\" title=\"passion-burdin\" alt=\"parfum burdin paris\" loading=\"lazy\" \/>\t\t\t\t\t\t\t\t\t\t\t\t\t\t\t<\/div>\n\t\t\t\t<\/div>\n\t\t\t\t\t<\/div>\n\t\t<\/div>\n\t\t\t\t\t<\/div>\n\t\t<\/section>\n\t\t\t\t\t<\/div>\n\t\t<\/div>\n\t\t\t\t\t<\/div>\n\t\t<\/section>\n\t\t\t\t<section class=\"elementor-section elementor-top-section elementor-element elementor-element-81088e7 elementor-section-full_width elementor-section-stretched elementor-section-height-default elementor-section-height-default\" data-id=\"81088e7\" data-element_type=\"section\" data-e-type=\"section\" data-settings=\"{&quot;stretch_section&quot;:&quot;section-stretched&quot;}\">\n\t\t\t\t\t\t<div class=\"elementor-container elementor-column-gap-default\">\n\t\t\t\t\t<div class=\"elementor-column elementor-col-100 elementor-top-column elementor-element elementor-element-8c8a0a3\" data-id=\"8c8a0a3\" data-element_type=\"column\" data-e-type=\"column\">\n\t\t\t<div class=\"elementor-widget-wrap elementor-element-populated\">\n\t\t\t\t\t\t<section class=\"elementor-section elementor-inner-section elementor-element elementor-element-b49ee2c elementor-section-boxed elementor-section-height-default elementor-section-height-default\" data-id=\"b49ee2c\" data-element_type=\"section\" data-e-type=\"section\">\n\t\t\t\t\t\t<div class=\"elementor-container elementor-column-gap-default\">\n\t\t\t\t\t<div class=\"elementor-column elementor-col-50 elementor-inner-column elementor-element elementor-element-1804049\" data-id=\"1804049\" data-element_type=\"column\" data-e-type=\"column\" data-settings=\"{&quot;background_background&quot;:&quot;classic&quot;}\">\n\t\t\t<div class=\"elementor-widget-wrap elementor-element-populated\">\n\t\t\t\t\t\t<div class=\"elementor-element elementor-element-6d0bd8f elementor-widget elementor-widget-image\" data-id=\"6d0bd8f\" data-element_type=\"widget\" data-e-type=\"widget\" data-widget_type=\"image.default\">\n\t\t\t\t<div class=\"elementor-widget-container\">\n\t\t\t\t\t\t\t\t\t\t\t\t\t\t\t<img fetchpriority=\"high\" decoding=\"async\" width=\"286\" height=\"438\" src=\"https:\/\/lesparfumsburdin.com\/es\/wp-content\/uploads\/2024\/03\/parfum-burdin.webp\" class=\"attachment-full size-full wp-image-10457\" alt=\"\" \/>\t\t\t\t\t\t\t\t\t\t\t\t\t\t\t<\/div>\n\t\t\t\t<\/div>\n\t\t\t\t\t<\/div>\n\t\t<\/div>\n\t\t\t\t<div class=\"elementor-column elementor-col-50 elementor-inner-column elementor-element elementor-element-a18e649\" data-id=\"a18e649\" data-element_type=\"column\" data-e-type=\"column\">\n\t\t\t<div class=\"elementor-widget-wrap elementor-element-populated\">\n\t\t\t\t\t\t<div class=\"elementor-element elementor-element-16011bc elementor-widget elementor-widget-heading\" data-id=\"16011bc\" data-element_type=\"widget\" data-e-type=\"widget\" data-widget_type=\"heading.default\">\n\t\t\t\t<div class=\"elementor-widget-container\">\n\t\t\t\t\t<h2 class=\"elementor-heading-title elementor-size-default\">LA MARCA, AYER Y HOY<\/h2>\t\t\t\t<\/div>\n\t\t\t\t<\/div>\n\t\t\t\t<div class=\"elementor-element elementor-element-d2ea08b elementor-widget-divider--view-line elementor-widget elementor-widget-divider\" data-id=\"d2ea08b\" data-element_type=\"widget\" data-e-type=\"widget\" data-widget_type=\"divider.default\">\n\t\t\t\t<div class=\"elementor-widget-container\">\n\t\t\t\t\t\t\t<div class=\"elementor-divider\">\n\t\t\t<span class=\"elementor-divider-separator\">\n\t\t\t\t\t\t<\/span>\n\t\t<\/div>\n\t\t\t\t\t\t<\/div>\n\t\t\t\t<\/div>\n\t\t\t\t<div class=\"elementor-element elementor-element-c4a8958 elementor-widget elementor-widget-text-editor\" data-id=\"c4a8958\" data-element_type=\"widget\" data-e-type=\"widget\" data-widget_type=\"text-editor.default\">\n\t\t\t\t<div class=\"elementor-widget-container\">\n\t\t\t\t\t\t\t\t\tCasi 80 a\u00f1os despu\u00e9s, bajo el impulso de los nietos del fundador, la bella durmiente se reinventa con el lanzamiento en 2014 de tres fragancias femeninas en homenaje a las primeras composiciones de la Maison: TINOUTCHA, PARIS MINUIT y LES BEAUX JOURS, seguidas de EMM\u00c8NE-MOI en 2021, que combinan con elegancia el pasado y la modernidad. Tambi\u00e9n se abrir\u00e1 un nuevo cap\u00edtulo en 2020 con la presentaci\u00f3n del tr\u00edptico AMOROSO, EN GARDE ! y SANS T\u00c9MOIN, que trazan los contornos de una masculinidad atemporal, manteni\u00e9ndose fieles a los valores creativos de la Casa Burdin: excelencia, refinamiento y singularidad.\t\t\t\t\t\t\t\t<\/div>\n\t\t\t\t<\/div>\n\t\t\t\t\t<\/div>\n\t\t<\/div>\n\t\t\t\t\t<\/div>\n\t\t<\/section>\n\t\t\t\t\t<\/div>\n\t\t<\/div>\n\t\t\t\t\t<\/div>\n\t\t<\/section>\n\t\t\t\t<section class=\"elementor-section elementor-top-section elementor-element elementor-element-3e7e671 elementor-section-stretched elementor-section-boxed elementor-section-height-default elementor-section-height-default\" data-id=\"3e7e671\" data-element_type=\"section\" data-e-type=\"section\" data-settings=\"{&quot;stretch_section&quot;:&quot;section-stretched&quot;}\">\n\t\t\t\t\t\t<div class=\"elementor-container elementor-column-gap-default\">\n\t\t\t\t\t<div class=\"elementor-column elementor-col-100 elementor-top-column elementor-element elementor-element-8d96a4b\" data-id=\"8d96a4b\" data-element_type=\"column\" data-e-type=\"column\">\n\t\t\t<div class=\"elementor-widget-wrap elementor-element-populated\">\n\t\t\t\t\t\t<div class=\"elementor-element elementor-element-28b24c7 elementor-widget elementor-widget-heading\" data-id=\"28b24c7\" data-element_type=\"widget\" data-e-type=\"widget\" data-widget_type=\"heading.default\">\n\t\t\t\t<div class=\"elementor-widget-container\">\n\t\t\t\t\t<h2 class=\"elementor-heading-title elementor-size-default\">PERFUMES REINVENTADOS<\/h2>\t\t\t\t<\/div>\n\t\t\t\t<\/div>\n\t\t\t\t<div class=\"elementor-element elementor-element-0e6629f elementor-widget elementor-widget-text-editor\" data-id=\"0e6629f\" data-element_type=\"widget\" data-e-type=\"widget\" data-widget_type=\"text-editor.default\">\n\t\t\t\t<div class=\"elementor-widget-container\">\n\t\t\t\t\t\t\t\t\t<p>La Maison Burdin dar\u00e1 carta blanca a perfumistas de talento, que han firmado muchos perfumes de \u00e9xito, como V\u00e9ronique Nyberg y Nathalie Feisthauer, para reescribir perfumes con historias fuertes.<\/p>\t\t\t\t\t\t\t\t<\/div>\n\t\t\t\t<\/div>\n\t\t\t\t<section class=\"elementor-section elementor-inner-section elementor-element elementor-element-bf98544 elementor-section-boxed elementor-section-height-default elementor-section-height-default\" data-id=\"bf98544\" data-element_type=\"section\" data-e-type=\"section\">\n\t\t\t\t\t\t<div class=\"elementor-container elementor-column-gap-default\">\n\t\t\t\t\t<div class=\"elementor-column elementor-col-33 elementor-inner-column elementor-element elementor-element-9195da9\" data-id=\"9195da9\" data-element_type=\"column\" data-e-type=\"column\">\n\t\t\t<div class=\"elementor-widget-wrap elementor-element-populated\">\n\t\t\t\t\t\t<div class=\"elementor-element elementor-element-1bcf748 elementor-widget elementor-widget-image\" data-id=\"1bcf748\" data-element_type=\"widget\" data-e-type=\"widget\" data-widget_type=\"image.default\">\n\t\t\t\t<div class=\"elementor-widget-container\">\n\t\t\t\t\t\t\t\t\t\t\t\t\t\t\t<img decoding=\"async\" src=\"https:\/\/lesparfumsburdin.com\/es\/wp-content\/uploads\/elementor\/thumbs\/parfum-revisite-1-qlq6ruyqkpguobjiz5p8lmo3cdu7vgbp5ozj9r9okg.webp\" title=\"parfum-revisite (1)\" alt=\"maison burdin, paris\" loading=\"lazy\" \/>\t\t\t\t\t\t\t\t\t\t\t\t\t\t\t<\/div>\n\t\t\t\t<\/div>\n\t\t\t\t\t<\/div>\n\t\t<\/div>\n\t\t\t\t<div class=\"elementor-column elementor-col-33 elementor-inner-column elementor-element elementor-element-8d2226d\" data-id=\"8d2226d\" data-element_type=\"column\" data-e-type=\"column\">\n\t\t\t<div class=\"elementor-widget-wrap elementor-element-populated\">\n\t\t\t\t\t\t<div class=\"elementor-element elementor-element-691b6ee elementor-widget elementor-widget-image\" data-id=\"691b6ee\" data-element_type=\"widget\" data-e-type=\"widget\" data-widget_type=\"image.default\">\n\t\t\t\t<div class=\"elementor-widget-container\">\n\t\t\t\t\t\t\t\t\t\t\t\t\t\t\t<img decoding=\"async\" src=\"https:\/\/lesparfumsburdin.com\/es\/wp-content\/uploads\/elementor\/thumbs\/parfum-revistee-2-1-qlq6sgl0xwag3co4gx1noz7p08vnshpiwnzpb4dmlc.webp\" title=\"parfum-revistee-2 (1)\" alt=\"maison burdin paris\" loading=\"lazy\" \/>\t\t\t\t\t\t\t\t\t\t\t\t\t\t\t<\/div>\n\t\t\t\t<\/div>\n\t\t\t\t\t<\/div>\n\t\t<\/div>\n\t\t\t\t<div class=\"elementor-column elementor-col-33 elementor-inner-column elementor-element elementor-element-2a6dc68\" data-id=\"2a6dc68\" data-element_type=\"column\" data-e-type=\"column\">\n\t\t\t<div class=\"elementor-widget-wrap elementor-element-populated\">\n\t\t\t\t\t\t<div class=\"elementor-element elementor-element-760b3bd elementor-widget elementor-widget-image\" data-id=\"760b3bd\" data-element_type=\"widget\" data-e-type=\"widget\" data-widget_type=\"image.default\">\n\t\t\t\t<div class=\"elementor-widget-container\">\n\t\t\t\t\t\t\t\t\t\t\t\t\t\t\t<img decoding=\"async\" src=\"https:\/\/lesparfumsburdin.com\/es\/wp-content\/uploads\/elementor\/thumbs\/parfum-revisitee-3-qlq6t19h492r6ru345zg7tzu2q1qhtzmbicdv7iysg.webp\" title=\"parfum-revisitee-3\" alt=\"maison burdin paris\" loading=\"lazy\" \/>\t\t\t\t\t\t\t\t\t\t\t\t\t\t\t<\/div>\n\t\t\t\t<\/div>\n\t\t\t\t\t<\/div>\n\t\t<\/div>\n\t\t\t\t\t<\/div>\n\t\t<\/section>\n\t\t\t\t\t<\/div>\n\t\t<\/div>\n\t\t\t\t\t<\/div>\n\t\t<\/section>\n\t\t\t\t<\/div>\n\t\t","protected":false},"excerpt":{"rendered":"<p>PERFUMISTAS APASIONADOS En 1937, St\u00e9phane Burdin inaugura en Par\u00eds una de las primeras perfumer\u00edas selectivas, donde se venden&hellip;<\/p>\n","protected":false},"author":3,"featured_media":0,"parent":0,"menu_order":0,"comment_status":"closed","ping_status":"closed","template":"","meta":{"footnotes":""},"class_list":["post-6647","page","type-page","status-publish","hentry"],"yoast_head":"<!-- This site is optimized with the Yoast SEO plugin v27.3 - https:\/\/yoast.com\/product\/yoast-seo-wordpress\/ -->\n<title>MAISON BURDIN - Burdin<\/title>\n<meta name=\"robots\" content=\"index, follow, max-snippet:-1, max-image-preview:large, max-video-preview:-1\" \/>\n<link rel=\"canonical\" href=\"https:\/\/lesparfumsburdin.com\/es\/maison-burdin\/\" \/>\n<meta property=\"og:locale\" content=\"en_US\" \/>\n<meta property=\"og:type\" content=\"article\" \/>\n<meta property=\"og:title\" content=\"MAISON BURDIN - Burdin\" \/>\n<meta property=\"og:description\" content=\"PERFUMISTAS APASIONADOS En 1937, St\u00e9phane Burdin inaugura en Par\u00eds una de las primeras perfumer\u00edas selectivas, donde se venden&hellip;\" \/>\n<meta property=\"og:url\" content=\"https:\/\/lesparfumsburdin.com\/es\/maison-burdin\/\" \/>\n<meta property=\"og:site_name\" content=\"Burdin\" \/>\n<meta property=\"article:modified_time\" content=\"2024-03-25T10:26:24+00:00\" \/>\n<meta property=\"og:image\" content=\"https:\/\/lesparfumsburdin.com\/es\/wp-content\/uploads\/elementor\/thumbs\/passion-burdin-qlq6n3w3exl0mvpfuq00gw913flswjtvhrgevnlp1w.webp\" \/>\n<meta name=\"twitter:card\" content=\"summary_large_image\" \/>\n<meta name=\"twitter:label1\" content=\"Est. reading time\" \/>\n\t<meta name=\"twitter:data1\" content=\"2 minutes\" \/>\n<script type=\"application\/ld+json\" class=\"yoast-schema-graph\">{\"@context\":\"https:\\\/\\\/schema.org\",\"@graph\":[{\"@type\":\"WebPage\",\"@id\":\"https:\\\/\\\/lesparfumsburdin.com\\\/es\\\/maison-burdin\\\/\",\"url\":\"https:\\\/\\\/lesparfumsburdin.com\\\/es\\\/maison-burdin\\\/\",\"name\":\"MAISON BURDIN - Burdin\",\"isPartOf\":{\"@id\":\"https:\\\/\\\/lesparfumsburdin.com\\\/es\\\/#website\"},\"primaryImageOfPage\":{\"@id\":\"https:\\\/\\\/lesparfumsburdin.com\\\/es\\\/maison-burdin\\\/#primaryimage\"},\"image\":{\"@id\":\"https:\\\/\\\/lesparfumsburdin.com\\\/es\\\/maison-burdin\\\/#primaryimage\"},\"thumbnailUrl\":\"https:\\\/\\\/lesparfumsburdin.com\\\/es\\\/wp-content\\\/uploads\\\/elementor\\\/thumbs\\\/passion-burdin-qlq6n3w3exl0mvpfuq00gw913flswjtvhrgevnlp1w.webp\",\"datePublished\":\"2021-03-16T10:54:27+00:00\",\"dateModified\":\"2024-03-25T10:26:24+00:00\",\"breadcrumb\":{\"@id\":\"https:\\\/\\\/lesparfumsburdin.com\\\/es\\\/maison-burdin\\\/#breadcrumb\"},\"inLanguage\":\"en-US\",\"potentialAction\":[{\"@type\":\"ReadAction\",\"target\":[\"https:\\\/\\\/lesparfumsburdin.com\\\/es\\\/maison-burdin\\\/\"]}]},{\"@type\":\"ImageObject\",\"inLanguage\":\"en-US\",\"@id\":\"https:\\\/\\\/lesparfumsburdin.com\\\/es\\\/maison-burdin\\\/#primaryimage\",\"url\":\"https:\\\/\\\/lesparfumsburdin.com\\\/es\\\/wp-content\\\/uploads\\\/elementor\\\/thumbs\\\/passion-burdin-qlq6n3w3exl0mvpfuq00gw913flswjtvhrgevnlp1w.webp\",\"contentUrl\":\"https:\\\/\\\/lesparfumsburdin.com\\\/es\\\/wp-content\\\/uploads\\\/elementor\\\/thumbs\\\/passion-burdin-qlq6n3w3exl0mvpfuq00gw913flswjtvhrgevnlp1w.webp\"},{\"@type\":\"BreadcrumbList\",\"@id\":\"https:\\\/\\\/lesparfumsburdin.com\\\/es\\\/maison-burdin\\\/#breadcrumb\",\"itemListElement\":[{\"@type\":\"ListItem\",\"position\":1,\"name\":\"Home\",\"item\":\"https:\\\/\\\/lesparfumsburdin.com\\\/es\\\/\"},{\"@type\":\"ListItem\",\"position\":2,\"name\":\"MAISON BURDIN\"}]},{\"@type\":\"WebSite\",\"@id\":\"https:\\\/\\\/lesparfumsburdin.com\\\/es\\\/#website\",\"url\":\"https:\\\/\\\/lesparfumsburdin.com\\\/es\\\/\",\"name\":\"Burdin\",\"description\":\"Parfumerie\",\"potentialAction\":[{\"@type\":\"SearchAction\",\"target\":{\"@type\":\"EntryPoint\",\"urlTemplate\":\"https:\\\/\\\/lesparfumsburdin.com\\\/es\\\/?s={search_term_string}\"},\"query-input\":{\"@type\":\"PropertyValueSpecification\",\"valueRequired\":true,\"valueName\":\"search_term_string\"}}],\"inLanguage\":\"en-US\"}]}<\/script>\n<!-- \/ Yoast SEO plugin. -->","yoast_head_json":{"title":"MAISON BURDIN - Burdin","robots":{"index":"index","follow":"follow","max-snippet":"max-snippet:-1","max-image-preview":"max-image-preview:large","max-video-preview":"max-video-preview:-1"},"canonical":"https:\/\/lesparfumsburdin.com\/es\/maison-burdin\/","og_locale":"en_US","og_type":"article","og_title":"MAISON BURDIN - Burdin","og_description":"PERFUMISTAS APASIONADOS En 1937, St\u00e9phane Burdin inaugura en Par\u00eds una de las primeras perfumer\u00edas selectivas, donde se venden&hellip;","og_url":"https:\/\/lesparfumsburdin.com\/es\/maison-burdin\/","og_site_name":"Burdin","article_modified_time":"2024-03-25T10:26:24+00:00","og_image":[{"url":"https:\/\/lesparfumsburdin.com\/es\/wp-content\/uploads\/elementor\/thumbs\/passion-burdin-qlq6n3w3exl0mvpfuq00gw913flswjtvhrgevnlp1w.webp","type":"","width":"","height":""}],"twitter_card":"summary_large_image","twitter_misc":{"Est. reading time":"2 minutes"},"schema":{"@context":"https:\/\/schema.org","@graph":[{"@type":"WebPage","@id":"https:\/\/lesparfumsburdin.com\/es\/maison-burdin\/","url":"https:\/\/lesparfumsburdin.com\/es\/maison-burdin\/","name":"MAISON BURDIN - Burdin","isPartOf":{"@id":"https:\/\/lesparfumsburdin.com\/es\/#website"},"primaryImageOfPage":{"@id":"https:\/\/lesparfumsburdin.com\/es\/maison-burdin\/#primaryimage"},"image":{"@id":"https:\/\/lesparfumsburdin.com\/es\/maison-burdin\/#primaryimage"},"thumbnailUrl":"https:\/\/lesparfumsburdin.com\/es\/wp-content\/uploads\/elementor\/thumbs\/passion-burdin-qlq6n3w3exl0mvpfuq00gw913flswjtvhrgevnlp1w.webp","datePublished":"2021-03-16T10:54:27+00:00","dateModified":"2024-03-25T10:26:24+00:00","breadcrumb":{"@id":"https:\/\/lesparfumsburdin.com\/es\/maison-burdin\/#breadcrumb"},"inLanguage":"en-US","potentialAction":[{"@type":"ReadAction","target":["https:\/\/lesparfumsburdin.com\/es\/maison-burdin\/"]}]},{"@type":"ImageObject","inLanguage":"en-US","@id":"https:\/\/lesparfumsburdin.com\/es\/maison-burdin\/#primaryimage","url":"https:\/\/lesparfumsburdin.com\/es\/wp-content\/uploads\/elementor\/thumbs\/passion-burdin-qlq6n3w3exl0mvpfuq00gw913flswjtvhrgevnlp1w.webp","contentUrl":"https:\/\/lesparfumsburdin.com\/es\/wp-content\/uploads\/elementor\/thumbs\/passion-burdin-qlq6n3w3exl0mvpfuq00gw913flswjtvhrgevnlp1w.webp"},{"@type":"BreadcrumbList","@id":"https:\/\/lesparfumsburdin.com\/es\/maison-burdin\/#breadcrumb","itemListElement":[{"@type":"ListItem","position":1,"name":"Home","item":"https:\/\/lesparfumsburdin.com\/es\/"},{"@type":"ListItem","position":2,"name":"MAISON BURDIN"}]},{"@type":"WebSite","@id":"https:\/\/lesparfumsburdin.com\/es\/#website","url":"https:\/\/lesparfumsburdin.com\/es\/","name":"Burdin","description":"Parfumerie","potentialAction":[{"@type":"SearchAction","target":{"@type":"EntryPoint","urlTemplate":"https:\/\/lesparfumsburdin.com\/es\/?s={search_term_string}"},"query-input":{"@type":"PropertyValueSpecification","valueRequired":true,"valueName":"search_term_string"}}],"inLanguage":"en-US"}]}},"_links":{"self":[{"href":"https:\/\/lesparfumsburdin.com\/es\/wp-json\/wp\/v2\/pages\/6647","targetHints":{"allow":["GET"]}}],"collection":[{"href":"https:\/\/lesparfumsburdin.com\/es\/wp-json\/wp\/v2\/pages"}],"about":[{"href":"https:\/\/lesparfumsburdin.com\/es\/wp-json\/wp\/v2\/types\/page"}],"author":[{"embeddable":true,"href":"https:\/\/lesparfumsburdin.com\/es\/wp-json\/wp\/v2\/users\/3"}],"replies":[{"embeddable":true,"href":"https:\/\/lesparfumsburdin.com\/es\/wp-json\/wp\/v2\/comments?post=6647"}],"version-history":[{"count":13,"href":"https:\/\/lesparfumsburdin.com\/es\/wp-json\/wp\/v2\/pages\/6647\/revisions"}],"predecessor-version":[{"id":10467,"href":"https:\/\/lesparfumsburdin.com\/es\/wp-json\/wp\/v2\/pages\/6647\/revisions\/10467"}],"wp:attachment":[{"href":"https:\/\/lesparfumsburdin.com\/es\/wp-json\/wp\/v2\/media?parent=6647"}],"curies":[{"name":"wp","href":"https:\/\/api.w.org\/{rel}","templated":true}]}}